{"id":115,"date":"2023-03-23T13:01:43","date_gmt":"2023-03-23T12:01:43","guid":{"rendered":"https:\/\/www.6srl.it\/?page_id=115"},"modified":"2023-03-30T20:39:04","modified_gmt":"2023-03-30T18:39:04","slug":"antintrusione","status":"publish","type":"page","link":"https:\/\/www.6srl.it\/index.php\/antintrusione\/","title":{"rendered":"Antintrusione"},"content":{"rendered":"<p style=\"text-align: left;\"><span style=\"font-family: verdana, geneva, sans-serif; font-size: 14pt;\">Occorre specificare cosa si debba intendere per \u201cSistema Antintrusione\u201d. In generale l\u2019associazione di idee pi\u00f9 comune tende ad assimilare questa definizione all&#8217;Impianto Antifurto.<\/span><\/p>\n<p style=\"text-align: left;\"><span style=\"font-family: verdana, geneva, sans-serif; font-size: 14pt;\"><img decoding=\"async\" src=\"http:\/\/www.6srl.it\/sections\/sistemi_antintrusione\/intrusione6.png\" alt=\"\" \/><\/span><span style=\"font-family: verdana, geneva, sans-serif; font-size: 14pt;\">Non \u00e8 cos\u00ec, o almeno lo \u00e8 solo in parte.<\/span><\/p>\n<p style=\"text-align: left;\"><span style=\"font-family: verdana, geneva, sans-serif; font-size: 14pt;\">Per sistema Antintrusione riteniamo debba essere inteso, a pi\u00f9 ampio respiro, il complesso di sistemi ed attivit\u00e0 che si pongono in atto, o pi\u00f9 semplicemente si realizzano, come difesa contro il crimine.<\/span><\/p>\n<p style=\"text-align: left;\"><span style=\"font-family: verdana, geneva, sans-serif; font-size: 14pt;\">E\u2019 una attivit\u00e0 complessa che, a partire dalla \u201cAnalisi del Rischio\u201d, tende a determinare il complesso di realizzazioni possibili per contenere e, se possibile, eliminare gli effetti di possibili attivit\u00e0 criminali contro la propriet\u00e0<\/span><\/p>\n<p style=\"text-align: left;\"><span style=\"font-family: verdana, geneva, sans-serif; font-size: 14pt;\"><img decoding=\"async\" src=\"http:\/\/www.6srl.it\/sections\/sistemi_antintrusione\/intrusione2.png\" alt=\"\" \/><\/span><span style=\"font-family: verdana, geneva, sans-serif; font-size: 14pt;\">Escluse le difese passive la\u00a0<strong>Sistemi e Integrazioni S.r.l.<\/strong>\u00a0si occupa di tutte quelle attivit\u00e0 di \u201cprotezione attiva\u201d tipiche, a partire dagli impianti antintrusione a protezione perimetrale, ai controlli di accesso, ai sistemi di videocontrollo, sino, e non certamente ultimo, all\u2019impianto antifurto interno.<\/span><\/p>\n<p style=\"text-align: left;\"><span style=\"font-family: verdana, geneva, sans-serif; font-size: 14pt;\">La progettazione esecutiva di un sistema di tale complessit\u00e0 prevede la conoscenza di tutte le variabili particolari di ogni singolo sito, le attivit\u00e0 specifiche e le loro peculiarit\u00e0, in una tale e vasta possibilit\u00e0 di variabili che rendono impossibile la trattazione seria in questa semplice pubblicazione.<\/span><\/p>\n<p style=\"text-align: left;\"><span style=\"font-family: verdana, geneva, sans-serif; font-size: 14pt;\">L\u2019attivit\u00e0 prevalente di\u00a0<strong>Sistemi e Integrazioni S.r.l.<\/strong>\u00a0\u00e8 rivolta alla protezione di ambienti industriali, museali e pi\u00f9 in generale di siti a media ed alta sicurezza.<\/span><\/p>\n<p style=\"text-align: left;\"><span style=\"font-family: verdana, geneva, sans-serif; font-size: 14pt;\"><img decoding=\"async\" src=\"http:\/\/www.6srl.it\/sections\/sistemi_antintrusione\/barriere_fine.png\" alt=\"\" \/><\/span><span style=\"font-family: verdana, geneva, sans-serif; font-size: 14pt;\">Di generico in questo tipo di protezioni c\u2019\u00e8 poco o nulla. Certo la tecnica di rivelazione di un particolare sensore o apparato (ad esempio un sensore volumetrico) pu\u00f2 essere sostanzialmente la stessa sia per l\u2019impianto di una abitazione privata sia per la protezione di un ambito ad alta sicurezza. La differenza consiste nella scelta dell\u2019apparato appropriato per ogni singola protezione, nelle modalit\u00e0 di installazione, che non possono essere mai lasciate al caso e pi\u00f9 in generale nella differenza profonda tra \u201cmettere insieme\u201d un po\u2019 di sensori ed un serio progetto complessivo<\/span><\/p>\n<p style=\"text-align: left;\"><span style=\"font-family: verdana, geneva, sans-serif; font-size: 14pt;\"><img decoding=\"async\" src=\"http:\/\/www.6srl.it\/sections\/sistemi_antintrusione\/contattimagnetici.png\" alt=\"\" \/><\/span><span style=\"font-family: verdana, geneva, sans-serif; font-size: 14pt;\">L\u2019esperienza maturata da\u00a0<strong><span class=\"style1\">Sistemi e Integrazioni S.r.l.<\/span><\/strong>\u00a0consente di operare sul mercato le migliori scelte dei prodotti disponibili pi\u00f9 adatti per realizzare il sistema antintrusione, realizzando il giusto compromesso tra esigenze di sicurezza e le esigenze di agibilit\u00e0 del sito, realizzando impianti nel pieno rispetto delle vigenti normative, delle peculiarit\u00e0 del sito da proteggere e degli obbiettivi che il Cliente intende perseguire.<\/span><\/p>\n","protected":false},"excerpt":{"rendered":"<p>Occorre specificare cosa si debba intendere per \u201cSistema Antintrusione\u201d. In generale l\u2019associazione di idee pi\u00f9 comune tende ad assimilare questa definizione all&#8217;Impianto Antifurto. Non \u00e8 cos\u00ec, o almeno lo \u00e8 solo in parte. Per sistema Antintrusione riteniamo debba essere inteso, a pi\u00f9 ampio respiro, il complesso di sistemi ed attivit\u00e0 che si pongono in atto, &hellip; <\/p>\n<p class=\"link-more\"><a href=\"https:\/\/www.6srl.it\/index.php\/antintrusione\/\" class=\"more-link\">Leggi tutto<span class=\"screen-reader-text\"> &#8220;Antintrusione&#8221;<\/span><\/a><\/p>\n","protected":false},"author":1,"featured_media":125,"parent":0,"menu_order":0,"comment_status":"closed","ping_status":"closed","template":"","meta":[],"_links":{"self":[{"href":"https:\/\/www.6srl.it\/index.php\/wp-json\/wp\/v2\/pages\/115"}],"collection":[{"href":"https:\/\/www.6srl.it\/index.php\/wp-json\/wp\/v2\/pages"}],"about":[{"href":"https:\/\/www.6srl.it\/index.php\/wp-json\/wp\/v2\/types\/page"}],"author":[{"embeddable":true,"href":"https:\/\/www.6srl.it\/index.php\/wp-json\/wp\/v2\/users\/1"}],"replies":[{"embeddable":true,"href":"https:\/\/www.6srl.it\/index.php\/wp-json\/wp\/v2\/comments?post=115"}],"version-history":[{"count":3,"href":"https:\/\/www.6srl.it\/index.php\/wp-json\/wp\/v2\/pages\/115\/revisions"}],"predecessor-version":[{"id":243,"href":"https:\/\/www.6srl.it\/index.php\/wp-json\/wp\/v2\/pages\/115\/revisions\/243"}],"wp:featuredmedia":[{"embeddable":true,"href":"https:\/\/www.6srl.it\/index.php\/wp-json\/wp\/v2\/media\/125"}],"wp:attachment":[{"href":"https:\/\/www.6srl.it\/index.php\/wp-json\/wp\/v2\/media?parent=115"}],"curies":[{"name":"wp","href":"https:\/\/api.w.org\/{rel}","templated":true}]}}