{"id":113,"date":"2023-03-23T12:58:40","date_gmt":"2023-03-23T11:58:40","guid":{"rendered":"https:\/\/www.6srl.it\/?page_id=113"},"modified":"2023-03-30T20:35:45","modified_gmt":"2023-03-30T18:35:45","slug":"estinzione-automatica","status":"publish","type":"page","link":"https:\/\/www.6srl.it\/index.php\/estinzione-automatica\/","title":{"rendered":"Estinzione automatica"},"content":{"rendered":"<p class=\"Stile4\"><span style=\"font-family: verdana, geneva, sans-serif; font-size: 14pt;\">E\u2019 opportuno, esemplificando, definire a livello macroscopico, gli elementi che entrano in gioco nell&#8217;innesco e nell&#8217;alimentazione di un incendio:<\/span><\/p>\n<p class=\"Stile4\"><span style=\"font-family: verdana, geneva, sans-serif; font-size: 14pt;\"><strong>il combustibile;<\/strong><\/span><\/p>\n<p class=\"Stile4\"><span style=\"font-family: verdana, geneva, sans-serif; font-size: 14pt;\"><strong>il comburente;<\/strong><\/span><\/p>\n<p class=\"Stile4\"><span style=\"font-family: verdana, geneva, sans-serif; font-size: 14pt;\"><strong>la temperatura.<\/strong><\/span><\/p>\n<div><span class=\"Stile4\" style=\"font-family: verdana, geneva, sans-serif; font-size: 14pt;\">Volendo analizzare la possibilit\u00e0 di estinguere un incendio in atto ci sembra facilmente comprensibile l\u2019asserzione per cui se si sottrae all&#8217;incendio una di queste tre grandezze si ottiene il risultato voluto.<\/span><\/div>\n<div><span style=\"font-family: verdana, geneva, sans-serif; font-size: 14pt;\"><img decoding=\"async\" src=\"http:\/\/www.6srl.it\/sections\/estinzione_automatica\/spegnimento01.jpg\" alt=\"\" \/><\/span><\/div>\n<div><\/div>\n<div><span style=\"font-family: verdana, geneva, sans-serif; font-size: 14pt;\">Analizziamo ora, anche se superficialmente, le tre possibilit\u00e0 che ne derivano:<\/span><\/div>\n<p><span style=\"font-family: verdana, geneva, sans-serif; font-size: 14pt;\"><strong>il combustibile<\/strong><\/span><\/p>\n<p><span style=\"font-family: verdana, geneva, sans-serif; font-size: 14pt;\">sottrarre il combustibile otterrebbe certamente il miglior risultato ed in parte e\u2019 ci\u00f2 che si tenta eliminando, in caso di incendio, l\u2019erogazione di miscele infiammabili, gas infiammabili e tutto ci\u00f2 che possa essere intercettato. Purtroppo non e\u2019 possibile, durante un incendio, sottrarre la carta, il legno e tutte quelle sostanze dirette o secondarie contenute nelle strutture e\/o essendone parte integrante.\u00a0<\/span><\/p>\n<p><span style=\"font-family: verdana, geneva, sans-serif; font-size: 14pt;\"><img decoding=\"async\" src=\"http:\/\/www.6srl.it\/sections\/estinzione_automatica\/spegnimento02.jpg\" alt=\"\" \/><\/span><span style=\"font-family: verdana, geneva, sans-serif; font-size: 14pt;\"><strong>il comburente (l\u2019ossigeno)<\/strong><\/span><\/p>\n<p><span style=\"font-family: verdana, geneva, sans-serif; font-size: 14pt;\">sottrarre il comburente e\u2019 esattamente ci\u00f2 che si realizza in parte con l\u2019acqua o con le schiume estinguenti e con alcuni gas (prevalentemente naturali) che si sostituiscano all\u2019ossigeno presente in ambiente impoverendo la miscela aria-combustibile a tal punto da impedire il processo di combustione, si estingue l\u2019incendio per soffocamento.<\/span><\/p>\n<p><span style=\"font-family: verdana, geneva, sans-serif; font-size: 14pt;\"><img decoding=\"async\" src=\"http:\/\/www.6srl.it\/sections\/estinzione_automatica\/spegnimento03.jpg\" alt=\"\" \/><\/span><span style=\"font-family: verdana, geneva, sans-serif; font-size: 14pt;\"><strong>la temperatura<\/strong><\/span><\/p>\n<p><span style=\"font-family: verdana, geneva, sans-serif; font-size: 14pt;\">anche abbassare rapidamente e drasticamente la temperatura ottiene il risultato di estinguere l\u2019incendio, e\u2019 anche questo un effetto dei sistemi di estinzione ad acqua ed in misura minore di alcuni gas.<\/span><\/p>\n<p><span style=\"font-family: verdana, geneva, sans-serif; font-size: 14pt;\"><img decoding=\"async\" src=\"http:\/\/www.6srl.it\/sections\/estinzione_automatica\/spegnimento04.jpg\" alt=\"\" \/><\/span><span style=\"font-family: verdana, geneva, sans-serif; font-size: 14pt;\">Esiste inoltre una diversa tipologia di gas estinguenti e cio\u00e8 quelli denominati \u201cinibitori della fiamma\u201d, in grado di interagire con i radicali liberi del processo di combustione ottenendo l\u2019effetto di bloccare il processo.<\/span><\/p>\n<div><span style=\"font-family: verdana, geneva, sans-serif; font-size: 14pt;\">L\u2019esperienza maturata da\u00a0<strong>Sistemi e Integrazioni S.r.l.\u00a0<\/strong>consente di operare sul mercato le migliori scelte dei prodotti disponibili pi\u00f9 adatti per realizzare il sistema di estinzione automatica, sfruttando le proprie capacit\u00e0 interne di valutazione e scelta del sistema pi\u00f9 adatto in funzione dei beni da proteggere, dell\u2019attivit\u00e0 svolte nel sito, realizzando impianti nel pieno rispetto delle vigenti normative, delle peculiarit\u00e0 del sito da proteggere e degli obbiettivi che il Cliente intende perseguire.<\/span><\/div>\n","protected":false},"excerpt":{"rendered":"<p>E\u2019 opportuno, esemplificando, definire a livello macroscopico, gli elementi che entrano in gioco nell&#8217;innesco e nell&#8217;alimentazione di un incendio: il combustibile; il comburente; la temperatura. Volendo analizzare la possibilit\u00e0 di estinguere un incendio in atto ci sembra facilmente comprensibile l\u2019asserzione per cui se si sottrae all&#8217;incendio una di queste tre grandezze si ottiene il risultato &hellip; <\/p>\n<p class=\"link-more\"><a href=\"https:\/\/www.6srl.it\/index.php\/estinzione-automatica\/\" class=\"more-link\">Leggi tutto<span class=\"screen-reader-text\"> &#8220;Estinzione automatica&#8221;<\/span><\/a><\/p>\n","protected":false},"author":1,"featured_media":132,"parent":0,"menu_order":0,"comment_status":"closed","ping_status":"closed","template":"","meta":[],"_links":{"self":[{"href":"https:\/\/www.6srl.it\/index.php\/wp-json\/wp\/v2\/pages\/113"}],"collection":[{"href":"https:\/\/www.6srl.it\/index.php\/wp-json\/wp\/v2\/pages"}],"about":[{"href":"https:\/\/www.6srl.it\/index.php\/wp-json\/wp\/v2\/types\/page"}],"author":[{"embeddable":true,"href":"https:\/\/www.6srl.it\/index.php\/wp-json\/wp\/v2\/users\/1"}],"replies":[{"embeddable":true,"href":"https:\/\/www.6srl.it\/index.php\/wp-json\/wp\/v2\/comments?post=113"}],"version-history":[{"count":3,"href":"https:\/\/www.6srl.it\/index.php\/wp-json\/wp\/v2\/pages\/113\/revisions"}],"predecessor-version":[{"id":234,"href":"https:\/\/www.6srl.it\/index.php\/wp-json\/wp\/v2\/pages\/113\/revisions\/234"}],"wp:featuredmedia":[{"embeddable":true,"href":"https:\/\/www.6srl.it\/index.php\/wp-json\/wp\/v2\/media\/132"}],"wp:attachment":[{"href":"https:\/\/www.6srl.it\/index.php\/wp-json\/wp\/v2\/media?parent=113"}],"curies":[{"name":"wp","href":"https:\/\/api.w.org\/{rel}","templated":true}]}}